{"id":20572,"date":"2021-02-12T11:18:21","date_gmt":"2021-02-12T11:18:21","guid":{"rendered":"http:\/\/www.sib.it\/?page_id=20572"},"modified":"2025-07-10T15:45:48","modified_gmt":"2025-07-10T15:45:48","slug":"www-sib-it-en-careers","status":"publish","type":"page","link":"https:\/\/www.sib.it\/en\/careers\/","title":{"rendered":"Careers"},"content":{"rendered":"<p>Looking to join a leading European intellectual property firm? SIB, established in 1882, could be one of the best choices for your career.<\/p>\n<p>We are always interested in meeting <strong>competent, motivated people<\/strong>.<img class=\"size-full wp-image-20825 alignright\" src=\"https:\/\/www.sib.it\/wp-content\/uploads\/2021\/03\/Handshake400.jpg\" alt=\"\" width=\"400\" height=\"267\" srcset=\"https:\/\/www.sib.it\/wp-content\/uploads\/2021\/03\/Handshake400.jpg 400w, https:\/\/www.sib.it\/wp-content\/uploads\/2021\/03\/Handshake400-300x200.jpg 300w, https:\/\/www.sib.it\/wp-content\/uploads\/2021\/03\/Handshake400-150x100.jpg 150w\" sizes=\"(max-width: 400px) 100vw, 400px\" \/><\/p>\n<p>The intellectual property profession requires <strong>passion and precision<\/strong>, <strong>strategic vision<\/strong> and <strong>attention for detail<\/strong>, but above all <strong>continuous training<\/strong>.<\/p>\n<p>Expect to be involved every day with <strong>innovation<\/strong> happening in all fields: from technology to marketing, from fashion to scientific research.<\/p>\n<p>Prepare to keep up with <strong>increasingly fast change<\/strong>, and learn to anticipate its effects on clients\u2019 business.<\/p>\n<p>Change is the greatest challenge of our time, and at SIB we believe that it is change that brings out the best in each of us.<\/p>\n<p>We foster a working environment that encourages full <strong>expression<\/strong>, <strong>talent development<\/strong> and <strong>professional growth<\/strong>; we nurture an inclusive working culture and value diversity in all forms.<\/p>\n<p>We expect team members to be responsible and involved, to be able to understand clients\u2019 needs as well as to provide quality service and results.<\/p>\n<p><em>Please be aware that we can only hire staff with a good knowledge of the Italian language, therefore notices for open positions are posted in Italian only.<\/em><\/p>\n<hr \/>\n<p>&nbsp;<\/p>","protected":false},"excerpt":{"rendered":"<p>Looking to join a leading European intellectual property firm? SIB, established in 1882, could be one of the best choices for your career. We are always interested in meeting competent, motivated people. The intellectual property profession requires passion and precision, strategic vision and attention for detail, but above all continuous training. Expect to be involved [&hellip;]<\/p>\n","protected":false},"author":11,"featured_media":0,"parent":0,"menu_order":0,"comment_status":"closed","ping_status":"closed","template":"","meta":{"_mi_skip_tracking":false},"acf":[],"yoast_head":"<!-- This site is optimized with the Yoast SEO plugin v18.4.1 - https:\/\/yoast.com\/wordpress\/plugins\/seo\/ -->\n<title>Lavora con noi - carriere nella consulenza in propriet\u00e0 intellettuale con SIB<\/title>\n<meta name=\"description\" content=\"Vuoi lavorare in una realt\u00e0 di eccellenza internazionale nella consulenza in propriet\u00e0 intellettuale? Leggi le nostre ricerche di personale.\" \/>\n<meta name=\"robots\" content=\"index, follow, max-snippet:-1, max-image-preview:large, max-video-preview:-1\" \/>\n<link rel=\"canonical\" href=\"https:\/\/www.sib.it\/lavora-con-noi\/\" \/>\n<meta property=\"og:locale\" content=\"en_US\" \/>\n<meta property=\"og:type\" content=\"article\" \/>\n<meta property=\"og:title\" content=\"Lavora con noi - carriere nella consulenza in propriet\u00e0 intellettuale con SIB\" \/>\n<meta property=\"og:description\" content=\"Vuoi lavorare in una realt\u00e0 di eccellenza internazionale nella consulenza in propriet\u00e0 intellettuale? Leggi le nostre ricerche di personale.\" \/>\n<meta property=\"og:url\" content=\"https:\/\/www.sib.it\/lavora-con-noi\/\" \/>\n<meta property=\"article:modified_time\" content=\"2025-07-10T15:45:48+00:00\" \/>\n<meta property=\"og:image\" content=\"https:\/\/www.sib.it\/wp-content\/uploads\/2021\/03\/Handshake400.jpg\" \/>\n<meta name=\"twitter:card\" content=\"summary\" \/>\n<meta name=\"twitter:label1\" content=\"Est. reading time\" \/>\n\t<meta name=\"twitter:data1\" content=\"2 minutes\" \/>\n<script type=\"application\/ld+json\" class=\"yoast-schema-graph\">{\"@context\":\"https:\/\/schema.org\",\"@graph\":[{\"@type\":\"WebSite\",\"@id\":\"https:\/\/www.sib.it\/#website\",\"url\":\"https:\/\/www.sib.it\/\",\"name\":\"\",\"description\":\"Intellectual Property since 1882\",\"potentialAction\":[{\"@type\":\"SearchAction\",\"target\":{\"@type\":\"EntryPoint\",\"urlTemplate\":\"https:\/\/www.sib.it\/?s={search_term_string}\"},\"query-input\":\"required name=search_term_string\"}],\"inLanguage\":\"en-US\"},{\"@type\":\"ImageObject\",\"@id\":\"https:\/\/www.sib.it\/lavora-con-noi\/#primaryimage\",\"inLanguage\":\"en-US\",\"url\":\"https:\/\/www.sib.it\/wp-content\/uploads\/2021\/03\/Handshake400.jpg\",\"contentUrl\":\"https:\/\/www.sib.it\/wp-content\/uploads\/2021\/03\/Handshake400.jpg\",\"width\":400,\"height\":267},{\"@type\":\"WebPage\",\"@id\":\"https:\/\/www.sib.it\/lavora-con-noi\/#webpage\",\"url\":\"https:\/\/www.sib.it\/lavora-con-noi\/\",\"name\":\"Lavora con noi - carriere nella consulenza in propriet\u00e0 intellettuale con SIB\",\"isPartOf\":{\"@id\":\"https:\/\/www.sib.it\/#website\"},\"primaryImageOfPage\":{\"@id\":\"https:\/\/www.sib.it\/lavora-con-noi\/#primaryimage\"},\"datePublished\":\"2021-02-12T11:18:21+00:00\",\"dateModified\":\"2025-07-10T15:45:48+00:00\",\"description\":\"Vuoi lavorare in una realt\u00e0 di eccellenza internazionale nella consulenza in propriet\u00e0 intellettuale? Leggi le nostre ricerche di personale.\",\"breadcrumb\":{\"@id\":\"https:\/\/www.sib.it\/lavora-con-noi\/#breadcrumb\"},\"inLanguage\":\"en-US\",\"potentialAction\":[{\"@type\":\"ReadAction\",\"target\":[\"https:\/\/www.sib.it\/lavora-con-noi\/\"]}]},{\"@type\":\"BreadcrumbList\",\"@id\":\"https:\/\/www.sib.it\/lavora-con-noi\/#breadcrumb\",\"itemListElement\":[{\"@type\":\"ListItem\",\"position\":1,\"name\":\"Home\",\"item\":\"https:\/\/www.sib.it\/\"},{\"@type\":\"ListItem\",\"position\":2,\"name\":\"Lavora con noi\"}]}]}<\/script>\n<!-- \/ Yoast SEO plugin. -->","yoast_head_json":{"title":"Lavora con noi - carriere nella consulenza in propriet\u00e0 intellettuale con SIB","description":"Vuoi lavorare in una realt\u00e0 di eccellenza internazionale nella consulenza in propriet\u00e0 intellettuale? Leggi le nostre ricerche di personale.","robots":{"index":"index","follow":"follow","max-snippet":"max-snippet:-1","max-image-preview":"max-image-preview:large","max-video-preview":"max-video-preview:-1"},"canonical":"https:\/\/www.sib.it\/lavora-con-noi\/","og_locale":"en_US","og_type":"article","og_title":"Lavora con noi - carriere nella consulenza in propriet\u00e0 intellettuale con SIB","og_description":"Vuoi lavorare in una realt\u00e0 di eccellenza internazionale nella consulenza in propriet\u00e0 intellettuale? Leggi le nostre ricerche di personale.","og_url":"https:\/\/www.sib.it\/lavora-con-noi\/","article_modified_time":"2025-07-10T15:45:48+00:00","og_image":[{"url":"https:\/\/www.sib.it\/wp-content\/uploads\/2021\/03\/Handshake400.jpg"}],"twitter_card":"summary","twitter_misc":{"Est. reading time":"2 minutes"},"schema":{"@context":"https:\/\/schema.org","@graph":[{"@type":"WebSite","@id":"https:\/\/www.sib.it\/#website","url":"https:\/\/www.sib.it\/","name":"","description":"Intellectual Property since 1882","potentialAction":[{"@type":"SearchAction","target":{"@type":"EntryPoint","urlTemplate":"https:\/\/www.sib.it\/?s={search_term_string}"},"query-input":"required name=search_term_string"}],"inLanguage":"en-US"},{"@type":"ImageObject","@id":"https:\/\/www.sib.it\/lavora-con-noi\/#primaryimage","inLanguage":"en-US","url":"https:\/\/www.sib.it\/wp-content\/uploads\/2021\/03\/Handshake400.jpg","contentUrl":"https:\/\/www.sib.it\/wp-content\/uploads\/2021\/03\/Handshake400.jpg","width":400,"height":267},{"@type":"WebPage","@id":"https:\/\/www.sib.it\/lavora-con-noi\/#webpage","url":"https:\/\/www.sib.it\/lavora-con-noi\/","name":"Lavora con noi - carriere nella consulenza in propriet\u00e0 intellettuale con SIB","isPartOf":{"@id":"https:\/\/www.sib.it\/#website"},"primaryImageOfPage":{"@id":"https:\/\/www.sib.it\/lavora-con-noi\/#primaryimage"},"datePublished":"2021-02-12T11:18:21+00:00","dateModified":"2025-07-10T15:45:48+00:00","description":"Vuoi lavorare in una realt\u00e0 di eccellenza internazionale nella consulenza in propriet\u00e0 intellettuale? Leggi le nostre ricerche di personale.","breadcrumb":{"@id":"https:\/\/www.sib.it\/lavora-con-noi\/#breadcrumb"},"inLanguage":"en-US","potentialAction":[{"@type":"ReadAction","target":["https:\/\/www.sib.it\/lavora-con-noi\/"]}]},{"@type":"BreadcrumbList","@id":"https:\/\/www.sib.it\/lavora-con-noi\/#breadcrumb","itemListElement":[{"@type":"ListItem","position":1,"name":"Home","item":"https:\/\/www.sib.it\/"},{"@type":"ListItem","position":2,"name":"Lavora con noi"}]}]}},"_links":{"self":[{"href":"https:\/\/www.sib.it\/en\/wp-json\/wp\/v2\/pages\/20572"}],"collection":[{"href":"https:\/\/www.sib.it\/en\/wp-json\/wp\/v2\/pages"}],"about":[{"href":"https:\/\/www.sib.it\/en\/wp-json\/wp\/v2\/types\/page"}],"author":[{"embeddable":true,"href":"https:\/\/www.sib.it\/en\/wp-json\/wp\/v2\/users\/11"}],"replies":[{"embeddable":true,"href":"https:\/\/www.sib.it\/en\/wp-json\/wp\/v2\/comments?post=20572"}],"version-history":[{"count":27,"href":"https:\/\/www.sib.it\/en\/wp-json\/wp\/v2\/pages\/20572\/revisions"}],"predecessor-version":[{"id":29468,"href":"https:\/\/www.sib.it\/en\/wp-json\/wp\/v2\/pages\/20572\/revisions\/29468"}],"wp:attachment":[{"href":"https:\/\/www.sib.it\/en\/wp-json\/wp\/v2\/media?parent=20572"}],"curies":[{"name":"wp","href":"https:\/\/api.w.org\/{rel}","templated":true}]}}