{"id":24181,"date":"2023-04-04T13:35:37","date_gmt":"2023-04-04T13:35:37","guid":{"rendered":"http:\/\/www.sib.it\/?page_id=24181"},"modified":"2025-10-20T13:55:20","modified_gmt":"2025-10-20T13:55:20","slug":"politica-qass","status":"publish","type":"page","link":"https:\/\/www.sib.it\/en\/about-us\/italiano-politica-qas\/","title":{"rendered":"QEHS Policy"},"content":{"rendered":"<p><\/p>\n<h2><span style=\"color: #ff6600;\">Integrated Policy \u2014 Quality, Environment, Health and Safety at Work<\/span><\/h2>\n<p>Societ\u00e0 Italiana Brevetti S.p.A. (SIB), a leading intellectual property consulting firm, with consolidated expertise in the protection and enforcement of patents, trademarks, models, designs and copyrights, offers its services to companies, research institutions and universities, managing all the technical and legal aspects concerning the protection and enhancement of intellectual property.<img class=\"size-full wp-image-24183 alignright\" src=\"https:\/\/www.sib.it\/wp-content\/uploads\/2023\/04\/QASS-Work-safety450.png\" alt=\"QASS\" width=\"450\" height=\"248\" srcset=\"https:\/\/www.sib.it\/wp-content\/uploads\/2023\/04\/QASS-Work-safety450.png 450w, https:\/\/www.sib.it\/wp-content\/uploads\/2023\/04\/QASS-Work-safety450-300x165.png 300w, https:\/\/www.sib.it\/wp-content\/uploads\/2023\/04\/QASS-Work-safety450-150x83.png 150w\" sizes=\"(max-width: 450px) 100vw, 450px\" \/><\/p>\n<p>In line with the requirements of the UNI EN ISO 9001:2015, 14001:2015 and 45001:2018 standards, SIB has developed an Integrated Quality, Environment and Safety Management System, committing to guarantee and constantly improve the quality of its activities and of its services, to act with respect for the environment and to protect health and safety in the workplace.<\/p>\n<p>The principles that inspire company management and operationally guide the organization can be summarized in the commitment to:<\/p>\n<ul>\n<li>protect the <strong>wellbeing, health and safety of people<\/strong> working for the company<\/li>\n<li>act in compliance with applicable legislation and <strong>ethical principles<\/strong> relating to the carrying out of <strong>Intellectual Property<\/strong> consulting services<\/li>\n<li>deliver <strong>quality<\/strong> services<\/li>\n<li>act to <strong>reduce the environmental impact<\/strong> of activities carried out by the company.<\/li>\n<\/ul>\n<p>These principles are implemented by SIB by:<\/p>\n<ul>\n<li>protecting workers\u2019 wellbeing also by adopting of measures aimed at favouring work-life balance<\/li>\n<li>assessing the specific risks relating to health and safety in the workplace so as to find ways of managing and reducing them<\/li>\n<li>adopting internal procedures and practices for the correct carrying out of activities<\/li>\n<li>using information and systems aimed at improving customer assistance and protecting the confidentiality of information<\/li>\n<li>selecting suppliers and external collaborators with care<\/li>\n<li>providing training for staff, in order to maintain constant professional development<\/li>\n<li>managing waste correctly, starting from its collection within the company offices up to the adoption of working methods aimed at reducing the environmental impact.<\/li>\n<\/ul>\n<p>&nbsp;<\/p>\n<p><strong>Rev. 01<\/strong><\/p>\n<p><strong>Rome, 08\/03\/2023<\/strong><\/p>\n<p><em>Certifications of Societ\u00e0 Italiana Brevetti S.p.A.<\/em><\/p>\n<p><a href=\"https:\/\/www.sib.it\/wp-content\/uploads\/2025\/10\/ISO9001-ENG.pdf\" target=\"_blank\" rel=\"noopener\">ISO 9001<\/a>\u00a0\u00a0\u00a0\u00a0<a href=\"https:\/\/www.sib.it\/wp-content\/uploads\/2025\/10\/ISO14001-ENG.pdf\" target=\"_blank\" rel=\"noopener\">ISO 14001<\/a>\u00a0\u00a0\u00a0\u00a0<a href=\"https:\/\/www.sib.it\/wp-content\/uploads\/2025\/10\/ISO45001-ENG.pdf\" target=\"_blank\" rel=\"noopener\">ISO 45001<\/a><\/p>","protected":false},"excerpt":{"rendered":"<p>Integrated Policy \u2014 Quality, Environment, Health and Safety at Work Societ\u00e0 Italiana Brevetti S.p.A. (SIB), a leading intellectual property consulting firm, with consolidated expertise in the protection and enforcement of patents, trademarks, models, designs and copyrights, offers its services to companies, research institutions and universities, managing all the technical and legal aspects concerning the protection [&hellip;]<\/p>\n","protected":false},"author":4,"featured_media":0,"parent":501,"menu_order":5,"comment_status":"closed","ping_status":"closed","template":"","meta":{"_mi_skip_tracking":false},"acf":[],"yoast_head":"<!-- This site is optimized with the Yoast SEO plugin v18.4.1 - https:\/\/yoast.com\/wordpress\/plugins\/seo\/ -->\n<title>Politica Integrata QAS Qualit\u00e0, Ambiente, Salute e Sicurezza sul Lavoro<\/title>\n<meta name=\"description\" content=\"Politica Integrata QAS Qualit\u00e0, Ambiente, Salute e Sicurezza sul Lavoro della Societ\u00e0 Italiana Brevetti S.p.A.\" \/>\n<meta name=\"robots\" content=\"index, follow, max-snippet:-1, max-image-preview:large, max-video-preview:-1\" \/>\n<link rel=\"canonical\" href=\"https:\/\/www.sib.it\/chi-siamo\/politica-qas\/\" \/>\n<meta property=\"og:locale\" content=\"en_US\" \/>\n<meta property=\"og:type\" content=\"article\" \/>\n<meta property=\"og:title\" content=\"Politica Integrata QAS Qualit\u00e0, Ambiente, Salute e Sicurezza sul Lavoro\" \/>\n<meta property=\"og:description\" content=\"Politica Integrata QAS Qualit\u00e0, Ambiente, Salute e Sicurezza sul Lavoro della Societ\u00e0 Italiana Brevetti S.p.A.\" \/>\n<meta property=\"og:url\" content=\"https:\/\/www.sib.it\/chi-siamo\/politica-qas\/\" \/>\n<meta property=\"article:modified_time\" content=\"2025-10-20T13:55:20+00:00\" \/>\n<meta property=\"og:image\" content=\"https:\/\/www.sib.it\/wp-content\/uploads\/2023\/04\/QASS-Work-safety450.png\" \/>\n<meta name=\"twitter:card\" content=\"summary\" \/>\n<meta name=\"twitter:label1\" content=\"Est. reading time\" \/>\n\t<meta name=\"twitter:data1\" content=\"2 minutes\" \/>\n<script type=\"application\/ld+json\" class=\"yoast-schema-graph\">{\"@context\":\"https:\/\/schema.org\",\"@graph\":[{\"@type\":\"WebSite\",\"@id\":\"https:\/\/www.sib.it\/#website\",\"url\":\"https:\/\/www.sib.it\/\",\"name\":\"\",\"description\":\"Intellectual Property since 1882\",\"potentialAction\":[{\"@type\":\"SearchAction\",\"target\":{\"@type\":\"EntryPoint\",\"urlTemplate\":\"https:\/\/www.sib.it\/?s={search_term_string}\"},\"query-input\":\"required name=search_term_string\"}],\"inLanguage\":\"en-US\"},{\"@type\":\"ImageObject\",\"@id\":\"https:\/\/www.sib.it\/chi-siamo\/politica-qas\/#primaryimage\",\"inLanguage\":\"en-US\",\"url\":\"https:\/\/www.sib.it\/wp-content\/uploads\/2023\/04\/QASS-Work-safety450.png\",\"contentUrl\":\"https:\/\/www.sib.it\/wp-content\/uploads\/2023\/04\/QASS-Work-safety450.png\",\"width\":450,\"height\":248,\"caption\":\"QASS\"},{\"@type\":\"WebPage\",\"@id\":\"https:\/\/www.sib.it\/chi-siamo\/politica-qas\/#webpage\",\"url\":\"https:\/\/www.sib.it\/chi-siamo\/politica-qas\/\",\"name\":\"Politica Integrata QAS Qualit\u00e0, Ambiente, Salute e Sicurezza sul Lavoro\",\"isPartOf\":{\"@id\":\"https:\/\/www.sib.it\/#website\"},\"primaryImageOfPage\":{\"@id\":\"https:\/\/www.sib.it\/chi-siamo\/politica-qas\/#primaryimage\"},\"datePublished\":\"2023-04-04T13:35:37+00:00\",\"dateModified\":\"2025-10-20T13:55:20+00:00\",\"description\":\"Politica Integrata QAS Qualit\u00e0, Ambiente, Salute e Sicurezza sul Lavoro della Societ\u00e0 Italiana Brevetti S.p.A.\",\"breadcrumb\":{\"@id\":\"https:\/\/www.sib.it\/chi-siamo\/politica-qas\/#breadcrumb\"},\"inLanguage\":\"en-US\",\"potentialAction\":[{\"@type\":\"ReadAction\",\"target\":[\"https:\/\/www.sib.it\/chi-siamo\/politica-qas\/\"]}]},{\"@type\":\"BreadcrumbList\",\"@id\":\"https:\/\/www.sib.it\/chi-siamo\/politica-qas\/#breadcrumb\",\"itemListElement\":[{\"@type\":\"ListItem\",\"position\":1,\"name\":\"Home\",\"item\":\"https:\/\/www.sib.it\/\"},{\"@type\":\"ListItem\",\"position\":2,\"name\":\"Chi siamo\",\"item\":\"https:\/\/www.sib.it\/chi-siamo\/\"},{\"@type\":\"ListItem\",\"position\":3,\"name\":\"Politica QAS\"}]}]}<\/script>\n<!-- \/ Yoast SEO plugin. -->","yoast_head_json":{"title":"Politica Integrata QAS Qualit\u00e0, Ambiente, Salute e Sicurezza sul Lavoro","description":"Politica Integrata QAS Qualit\u00e0, Ambiente, Salute e Sicurezza sul Lavoro della Societ\u00e0 Italiana Brevetti S.p.A.","robots":{"index":"index","follow":"follow","max-snippet":"max-snippet:-1","max-image-preview":"max-image-preview:large","max-video-preview":"max-video-preview:-1"},"canonical":"https:\/\/www.sib.it\/chi-siamo\/politica-qas\/","og_locale":"en_US","og_type":"article","og_title":"Politica Integrata QAS Qualit\u00e0, Ambiente, Salute e Sicurezza sul Lavoro","og_description":"Politica Integrata QAS Qualit\u00e0, Ambiente, Salute e Sicurezza sul Lavoro della Societ\u00e0 Italiana Brevetti S.p.A.","og_url":"https:\/\/www.sib.it\/chi-siamo\/politica-qas\/","article_modified_time":"2025-10-20T13:55:20+00:00","og_image":[{"url":"https:\/\/www.sib.it\/wp-content\/uploads\/2023\/04\/QASS-Work-safety450.png"}],"twitter_card":"summary","twitter_misc":{"Est. reading time":"2 minutes"},"schema":{"@context":"https:\/\/schema.org","@graph":[{"@type":"WebSite","@id":"https:\/\/www.sib.it\/#website","url":"https:\/\/www.sib.it\/","name":"","description":"Intellectual Property since 1882","potentialAction":[{"@type":"SearchAction","target":{"@type":"EntryPoint","urlTemplate":"https:\/\/www.sib.it\/?s={search_term_string}"},"query-input":"required name=search_term_string"}],"inLanguage":"en-US"},{"@type":"ImageObject","@id":"https:\/\/www.sib.it\/chi-siamo\/politica-qas\/#primaryimage","inLanguage":"en-US","url":"https:\/\/www.sib.it\/wp-content\/uploads\/2023\/04\/QASS-Work-safety450.png","contentUrl":"https:\/\/www.sib.it\/wp-content\/uploads\/2023\/04\/QASS-Work-safety450.png","width":450,"height":248,"caption":"QASS"},{"@type":"WebPage","@id":"https:\/\/www.sib.it\/chi-siamo\/politica-qas\/#webpage","url":"https:\/\/www.sib.it\/chi-siamo\/politica-qas\/","name":"Politica Integrata QAS Qualit\u00e0, Ambiente, Salute e Sicurezza sul Lavoro","isPartOf":{"@id":"https:\/\/www.sib.it\/#website"},"primaryImageOfPage":{"@id":"https:\/\/www.sib.it\/chi-siamo\/politica-qas\/#primaryimage"},"datePublished":"2023-04-04T13:35:37+00:00","dateModified":"2025-10-20T13:55:20+00:00","description":"Politica Integrata QAS Qualit\u00e0, Ambiente, Salute e Sicurezza sul Lavoro della Societ\u00e0 Italiana Brevetti S.p.A.","breadcrumb":{"@id":"https:\/\/www.sib.it\/chi-siamo\/politica-qas\/#breadcrumb"},"inLanguage":"en-US","potentialAction":[{"@type":"ReadAction","target":["https:\/\/www.sib.it\/chi-siamo\/politica-qas\/"]}]},{"@type":"BreadcrumbList","@id":"https:\/\/www.sib.it\/chi-siamo\/politica-qas\/#breadcrumb","itemListElement":[{"@type":"ListItem","position":1,"name":"Home","item":"https:\/\/www.sib.it\/"},{"@type":"ListItem","position":2,"name":"Chi siamo","item":"https:\/\/www.sib.it\/chi-siamo\/"},{"@type":"ListItem","position":3,"name":"Politica QAS"}]}]}},"_links":{"self":[{"href":"https:\/\/www.sib.it\/en\/wp-json\/wp\/v2\/pages\/24181"}],"collection":[{"href":"https:\/\/www.sib.it\/en\/wp-json\/wp\/v2\/pages"}],"about":[{"href":"https:\/\/www.sib.it\/en\/wp-json\/wp\/v2\/types\/page"}],"author":[{"embeddable":true,"href":"https:\/\/www.sib.it\/en\/wp-json\/wp\/v2\/users\/4"}],"replies":[{"embeddable":true,"href":"https:\/\/www.sib.it\/en\/wp-json\/wp\/v2\/comments?post=24181"}],"version-history":[{"count":8,"href":"https:\/\/www.sib.it\/en\/wp-json\/wp\/v2\/pages\/24181\/revisions"}],"predecessor-version":[{"id":29944,"href":"https:\/\/www.sib.it\/en\/wp-json\/wp\/v2\/pages\/24181\/revisions\/29944"}],"up":[{"embeddable":true,"href":"https:\/\/www.sib.it\/en\/wp-json\/wp\/v2\/pages\/501"}],"wp:attachment":[{"href":"https:\/\/www.sib.it\/en\/wp-json\/wp\/v2\/media?parent=24181"}],"curies":[{"name":"wp","href":"https:\/\/api.w.org\/{rel}","templated":true}]}}