{"id":515,"date":"2014-10-08T10:57:52","date_gmt":"2014-10-08T10:57:52","guid":{"rendered":"http:\/\/www.sib.it\/?page_id=515"},"modified":"2026-03-27T15:56:21","modified_gmt":"2026-03-27T15:56:21","slug":"contatti","status":"publish","type":"page","link":"https:\/\/www.sib.it\/en\/contacts\/","title":{"rendered":"Contacts"},"content":{"rendered":"","protected":false},"excerpt":{"rendered":"","protected":false},"author":2,"featured_media":0,"parent":0,"menu_order":0,"comment_status":"open","ping_status":"open","template":"","meta":{"_mi_skip_tracking":false},"acf":[],"yoast_head":"<!-- This site is optimized with the Yoast SEO plugin v18.4.1 - https:\/\/yoast.com\/wordpress\/plugins\/seo\/ -->\n<title>Contacts SIB Societ\u00e0 Italiana Brevetti<\/title>\n<meta name=\"description\" content=\"[:it]Contatti SIB Societ\u00e0 Italiana Brevetti Dove siamo Roma Firenze Milano Verona Padova[:en]Contacts SIB Societ\u00e0 Italiana Brevetti Rome, Florence, Milan, Verona, Padua[:]\" \/>\n<meta name=\"robots\" content=\"index, follow, max-snippet:-1, max-image-preview:large, max-video-preview:-1\" \/>\n<link rel=\"canonical\" href=\"https:\/\/www.sib.it\/contatti\/\" \/>\n<meta property=\"og:locale\" content=\"en_US\" \/>\n<meta property=\"og:type\" content=\"article\" \/>\n<meta property=\"og:title\" content=\"[:it]Contatti SIB Societ\u00e0 Italiana Brevetti[:en]Contacts SIB Societ\u00e0 Italiana Brevetti[:]\" \/>\n<meta property=\"og:description\" content=\"[:it]Contatti SIB Societ\u00e0 Italiana Brevetti Dove siamo Roma Firenze Milano Verona Padova[:en]Contacts SIB Societ\u00e0 Italiana Brevetti Rome, Florence, Milan, Verona, Padua[:]\" \/>\n<meta property=\"og:url\" content=\"https:\/\/www.sib.it\/contatti\/\" \/>\n<meta property=\"article:modified_time\" content=\"2026-03-27T15:56:21+00:00\" \/>\n<meta name=\"twitter:card\" content=\"summary\" \/>\n<script type=\"application\/ld+json\" class=\"yoast-schema-graph\">{\"@context\":\"https:\/\/schema.org\",\"@graph\":[{\"@type\":\"WebSite\",\"@id\":\"https:\/\/www.sib.it\/#website\",\"url\":\"https:\/\/www.sib.it\/\",\"name\":\"\",\"description\":\"Intellectual Property since 1882\",\"potentialAction\":[{\"@type\":\"SearchAction\",\"target\":{\"@type\":\"EntryPoint\",\"urlTemplate\":\"https:\/\/www.sib.it\/?s={search_term_string}\"},\"query-input\":\"required name=search_term_string\"}],\"inLanguage\":\"en-US\"},{\"@type\":\"WebPage\",\"@id\":\"https:\/\/www.sib.it\/contatti\/#webpage\",\"url\":\"https:\/\/www.sib.it\/contatti\/\",\"name\":\"[:it]Contatti SIB Societ\u00e0 Italiana Brevetti[:en]Contacts SIB Societ\u00e0 Italiana Brevetti[:]\",\"isPartOf\":{\"@id\":\"https:\/\/www.sib.it\/#website\"},\"datePublished\":\"2014-10-08T10:57:52+00:00\",\"dateModified\":\"2026-03-27T15:56:21+00:00\",\"description\":\"[:it]Contatti SIB Societ\u00e0 Italiana Brevetti Dove siamo Roma Firenze Milano Verona Padova[:en]Contacts SIB Societ\u00e0 Italiana Brevetti Rome, Florence, Milan, Verona, Padua[:]\",\"breadcrumb\":{\"@id\":\"https:\/\/www.sib.it\/contatti\/#breadcrumb\"},\"inLanguage\":\"en-US\",\"potentialAction\":[{\"@type\":\"ReadAction\",\"target\":[\"https:\/\/www.sib.it\/contatti\/\"]}]},{\"@type\":\"BreadcrumbList\",\"@id\":\"https:\/\/www.sib.it\/contatti\/#breadcrumb\",\"itemListElement\":[{\"@type\":\"ListItem\",\"position\":1,\"name\":\"Home\",\"item\":\"https:\/\/www.sib.it\/\"},{\"@type\":\"ListItem\",\"position\":2,\"name\":\"Contatti\"}]}]}<\/script>\n<!-- \/ Yoast SEO plugin. -->","yoast_head_json":{"title":"[:it]Contatti SIB Societ\u00e0 Italiana Brevetti[:en]Contacts SIB Societ\u00e0 Italiana Brevetti[:]","description":"[:it]Contatti SIB Societ\u00e0 Italiana Brevetti Dove siamo Roma Firenze Milano Verona Padova[:en]Contacts SIB Societ\u00e0 Italiana Brevetti Rome, Florence, Milan, Verona, Padua[:]","robots":{"index":"index","follow":"follow","max-snippet":"max-snippet:-1","max-image-preview":"max-image-preview:large","max-video-preview":"max-video-preview:-1"},"canonical":"https:\/\/www.sib.it\/contatti\/","og_locale":"en_US","og_type":"article","og_title":"[:it]Contatti SIB Societ\u00e0 Italiana Brevetti[:en]Contacts SIB Societ\u00e0 Italiana Brevetti[:]","og_description":"[:it]Contatti SIB Societ\u00e0 Italiana Brevetti Dove siamo Roma Firenze Milano Verona Padova[:en]Contacts SIB Societ\u00e0 Italiana Brevetti Rome, Florence, Milan, Verona, Padua[:]","og_url":"https:\/\/www.sib.it\/contatti\/","article_modified_time":"2026-03-27T15:56:21+00:00","twitter_card":"summary","schema":{"@context":"https:\/\/schema.org","@graph":[{"@type":"WebSite","@id":"https:\/\/www.sib.it\/#website","url":"https:\/\/www.sib.it\/","name":"","description":"Intellectual Property since 1882","potentialAction":[{"@type":"SearchAction","target":{"@type":"EntryPoint","urlTemplate":"https:\/\/www.sib.it\/?s={search_term_string}"},"query-input":"required name=search_term_string"}],"inLanguage":"en-US"},{"@type":"WebPage","@id":"https:\/\/www.sib.it\/contatti\/#webpage","url":"https:\/\/www.sib.it\/contatti\/","name":"[:it]Contatti SIB Societ\u00e0 Italiana Brevetti[:en]Contacts SIB Societ\u00e0 Italiana Brevetti[:]","isPartOf":{"@id":"https:\/\/www.sib.it\/#website"},"datePublished":"2014-10-08T10:57:52+00:00","dateModified":"2026-03-27T15:56:21+00:00","description":"[:it]Contatti SIB Societ\u00e0 Italiana Brevetti Dove siamo Roma Firenze Milano Verona Padova[:en]Contacts SIB Societ\u00e0 Italiana Brevetti Rome, Florence, Milan, Verona, Padua[:]","breadcrumb":{"@id":"https:\/\/www.sib.it\/contatti\/#breadcrumb"},"inLanguage":"en-US","potentialAction":[{"@type":"ReadAction","target":["https:\/\/www.sib.it\/contatti\/"]}]},{"@type":"BreadcrumbList","@id":"https:\/\/www.sib.it\/contatti\/#breadcrumb","itemListElement":[{"@type":"ListItem","position":1,"name":"Home","item":"https:\/\/www.sib.it\/"},{"@type":"ListItem","position":2,"name":"Contatti"}]}]}},"_links":{"self":[{"href":"https:\/\/www.sib.it\/en\/wp-json\/wp\/v2\/pages\/515"}],"collection":[{"href":"https:\/\/www.sib.it\/en\/wp-json\/wp\/v2\/pages"}],"about":[{"href":"https:\/\/www.sib.it\/en\/wp-json\/wp\/v2\/types\/page"}],"author":[{"embeddable":true,"href":"https:\/\/www.sib.it\/en\/wp-json\/wp\/v2\/users\/2"}],"replies":[{"embeddable":true,"href":"https:\/\/www.sib.it\/en\/wp-json\/wp\/v2\/comments?post=515"}],"version-history":[{"count":6,"href":"https:\/\/www.sib.it\/en\/wp-json\/wp\/v2\/pages\/515\/revisions"}],"predecessor-version":[{"id":30576,"href":"https:\/\/www.sib.it\/en\/wp-json\/wp\/v2\/pages\/515\/revisions\/30576"}],"wp:attachment":[{"href":"https:\/\/www.sib.it\/en\/wp-json\/wp\/v2\/media?parent=515"}],"curies":[{"name":"wp","href":"https:\/\/api.w.org\/{rel}","templated":true}]}}