{"id":600,"date":"2014-10-07T13:45:47","date_gmt":"2014-10-07T13:45:47","guid":{"rendered":"http:\/\/www.sib.it\/?page_id=600"},"modified":"2025-12-02T10:47:41","modified_gmt":"2025-12-02T10:47:41","slug":"associazioni","status":"publish","type":"page","link":"https:\/\/www.sib.it\/en\/about-us\/membership\/","title":{"rendered":"Memberships"},"content":{"rendered":"<p>We are members of the main international and Italian intellectual property organizations, and are actively committed in most of them.<\/p>\n<p><a href=\"https:\/\/www.aipla.org\/\" target=\"_blank\" rel=\"noopener\">AIPLA<\/a> &#8211; American Intellectual Property Law Association<\/p>\n<p><a href=\"https:\/\/www.aippi.org\/\" target=\"_blank\" rel=\"noopener\">AIPPI<\/a> &#8211; Association Internationale pour la Protection de la Propri\u00e9t\u00e9 Intellectuelle<\/p>\n<p><a href=\"http:\/\/www.cipa.org.uk\/\" target=\"_blank\" rel=\"noopener\">CIPA<\/a> &#8211; Chartered Institute of Patent Agents<\/p>\n<p><a href=\"http:\/\/www.ecta.org\/\" target=\"_blank\" rel=\"noopener\">ECTA<\/a> &#8211; European Communities Trade Mark Association<\/p>\n<p><a href=\"http:\/\/www.patentepi.com\/\" target=\"_blank\" rel=\"noopener\">EPI<\/a> &#8211; European Patent Institute (Institute of Professional Representatives before the European Patent Office)<\/p>\n<p><a href=\"http:\/\/www.eplit.eu\/\" target=\"_blank\" rel=\"noopener\">EPLIT<\/a> &#8211; European Patent Litigators Association<\/p>\n<p><a href=\"http:\/\/ficpi.org\/\" target=\"_blank\" rel=\"noopener\">FICPI<\/a> &#8211; F\u00e9d\u00e9ration Internationale des Conseils en Propri\u00e9t\u00e9 Industrielle<\/p>\n<p><a href=\"http:\/\/www.inta.org\/Pages\/Home.aspx\" target=\"_blank\" rel=\"noopener\">INTA<\/a> &#8211; International Trademark Association<\/p>\n<p><a href=\"https:\/\/www.lesi.org\/\" target=\"_blank\" rel=\"noopener\">LES<\/a> &#8211; Licensing Executives Society<\/p>\n<p><a href=\"http:\/\/www.marques.org\/\" target=\"_blank\" rel=\"noopener\">MARQUES<\/a> &#8211; European Association of Trademark Owners<\/p>\n<p><a href=\"http:\/\/www.origin-gi.com\/index.php\/en\/\" target=\"_blank\" rel=\"noopener\">ORIGIN<\/a> &#8211; Organization for an International Geographical Indications Network<\/p>\n<p><a href=\"https:\/\/ptmg.org\/\" target=\"_blank\" rel=\"noopener\">PTMG<\/a> &#8211; Pharmaceutical Trademarks Group<\/p>\n<hr \/>\n<p><a href=\"http:\/\/www.indicam.it\/index.php?option=com_content&amp;view=frontpage&amp;Itemid=1&amp;lang=en\" target=\"_blank\" rel=\"noopener\">INDICAM<\/a> &#8211; Anti-counterfeiting industry association<\/p>\n<p><a href=\"http:\/\/www.ficpi.it\/\" target=\"_blank\" rel=\"noopener\"> Italian College of Industrial Property Consultants<\/a><\/p>\n<p><a href=\"http:\/\/www.ordine-brevetti.it\/\" target=\"_blank\" rel=\"noopener\"> Italian Industrial Property Consultants Institute<\/a><\/p>\n<p><a href=\"http:\/\/www.les-italy.org\/\" target=\"_blank\" rel=\"noopener\"> LES Italy<\/a> &#8211; Italian group of LES (Licensing Executives Society)<\/p>\n<hr \/>\n<p>We are also members of:<\/p>\n<p><a href=\"https:\/\/altagamma.it\/en\/\" target=\"_blank\" rel=\"noopener\">Altagamma<\/a><\/p>\n<p><a href=\"https:\/\/www.ligue.org\/en\/members-2\/members\" target=\"_blank\" rel=\"noopener\">International League of Competition Law<\/a> (Associazione italiana per la tutela della concorrenza)<\/p>\n<p><a href=\"https:\/\/www.iai.it\/en\" target=\"_blank\" rel=\"noopener\">Istituto Affari Internazionali<\/a><\/p>\n<p><a href=\"https:\/\/www.unismart.it\/en\/\" target=\"_blank\" rel=\"noopener\">Unismart <\/a><a href=\"https:\/\/www.unismart.it\/en\/\" target=\"_blank\" rel=\"noopener\">Fondazione<\/a><a href=\"https:\/\/www.unismart.it\/en\/\" target=\"_blank\" rel=\"noopener\">\u00a0Universit\u00e0 di Padova<\/a><\/p>","protected":false},"excerpt":{"rendered":"<p>We are members of the main international and Italian intellectual property organizations, and are actively committed in most of them. AIPLA &#8211; American Intellectual Property Law Association AIPPI &#8211; Association Internationale pour la Protection de la Propri\u00e9t\u00e9 Intellectuelle CIPA &#8211; Chartered Institute of Patent Agents ECTA &#8211; European Communities Trade Mark Association EPI &#8211; European [&hellip;]<\/p>\n","protected":false},"author":2,"featured_media":0,"parent":501,"menu_order":3,"comment_status":"open","ping_status":"closed","template":"","meta":{"_mi_skip_tracking":false},"acf":[],"yoast_head":"<!-- This site is optimized with the Yoast SEO plugin v18.4.1 - https:\/\/yoast.com\/wordpress\/plugins\/seo\/ -->\n<title>MEMBERSHIPS intellectual property organizations<\/title>\n<meta name=\"description\" content=\"[:it]SIB Societ\u00e0 Italiana brevetti appartienealle principali associazioni italiane e internazionali di esperti in propriet\u00e0 intellettuale.[:en]INTA AIPPI AIPLA MARQUES FICPI ECTA[:]\" \/>\n<meta name=\"robots\" content=\"index, follow, max-snippet:-1, max-image-preview:large, max-video-preview:-1\" \/>\n<link rel=\"canonical\" href=\"https:\/\/www.sib.it\/chi-siamo\/associazioni\/\" \/>\n<meta property=\"og:locale\" content=\"en_US\" \/>\n<meta property=\"og:type\" content=\"article\" \/>\n<meta property=\"og:title\" content=\"[:it]Associazioni propriet\u00e0 intellettuale[:en] MEMBERSHIPS intellectual property organizations[:]\" \/>\n<meta property=\"og:description\" content=\"[:it]SIB Societ\u00e0 Italiana brevetti appartienealle principali associazioni italiane e internazionali di esperti in propriet\u00e0 intellettuale.[:en]INTA AIPPI AIPLA MARQUES FICPI ECTA[:]\" \/>\n<meta property=\"og:url\" content=\"https:\/\/www.sib.it\/chi-siamo\/associazioni\/\" \/>\n<meta property=\"article:modified_time\" content=\"2025-12-02T10:47:41+00:00\" \/>\n<meta property=\"og:image\" content=\"https:\/\/www.sib.it\/wp-content\/uploads\/2014\/10\/Associazioni-300x300.jpg\" \/>\n<meta name=\"twitter:card\" content=\"summary\" \/>\n<meta name=\"twitter:label1\" content=\"Est. reading time\" \/>\n\t<meta name=\"twitter:data1\" content=\"2 minutes\" \/>\n<script type=\"application\/ld+json\" class=\"yoast-schema-graph\">{\"@context\":\"https:\/\/schema.org\",\"@graph\":[{\"@type\":\"WebSite\",\"@id\":\"https:\/\/www.sib.it\/#website\",\"url\":\"https:\/\/www.sib.it\/\",\"name\":\"\",\"description\":\"Intellectual Property since 1882\",\"potentialAction\":[{\"@type\":\"SearchAction\",\"target\":{\"@type\":\"EntryPoint\",\"urlTemplate\":\"https:\/\/www.sib.it\/?s={search_term_string}\"},\"query-input\":\"required name=search_term_string\"}],\"inLanguage\":\"en-US\"},{\"@type\":\"ImageObject\",\"@id\":\"https:\/\/www.sib.it\/chi-siamo\/associazioni\/#primaryimage\",\"inLanguage\":\"en-US\",\"url\":\"https:\/\/www.sib.it\/wp-content\/uploads\/2014\/10\/Associazioni.jpg\",\"contentUrl\":\"https:\/\/www.sib.it\/wp-content\/uploads\/2014\/10\/Associazioni.jpg\",\"width\":500,\"height\":500},{\"@type\":\"WebPage\",\"@id\":\"https:\/\/www.sib.it\/chi-siamo\/associazioni\/#webpage\",\"url\":\"https:\/\/www.sib.it\/chi-siamo\/associazioni\/\",\"name\":\"[:it]Associazioni propriet\u00e0 intellettuale[:en] MEMBERSHIPS intellectual property organizations[:]\",\"isPartOf\":{\"@id\":\"https:\/\/www.sib.it\/#website\"},\"primaryImageOfPage\":{\"@id\":\"https:\/\/www.sib.it\/chi-siamo\/associazioni\/#primaryimage\"},\"datePublished\":\"2014-10-07T13:45:47+00:00\",\"dateModified\":\"2025-12-02T10:47:41+00:00\",\"description\":\"[:it]SIB Societ\u00e0 Italiana brevetti appartienealle principali associazioni italiane e internazionali di esperti in propriet\u00e0 intellettuale.[:en]INTA AIPPI AIPLA MARQUES FICPI ECTA[:]\",\"breadcrumb\":{\"@id\":\"https:\/\/www.sib.it\/chi-siamo\/associazioni\/#breadcrumb\"},\"inLanguage\":\"en-US\",\"potentialAction\":[{\"@type\":\"ReadAction\",\"target\":[\"https:\/\/www.sib.it\/chi-siamo\/associazioni\/\"]}]},{\"@type\":\"BreadcrumbList\",\"@id\":\"https:\/\/www.sib.it\/chi-siamo\/associazioni\/#breadcrumb\",\"itemListElement\":[{\"@type\":\"ListItem\",\"position\":1,\"name\":\"Home\",\"item\":\"https:\/\/www.sib.it\/\"},{\"@type\":\"ListItem\",\"position\":2,\"name\":\"Chi siamo\",\"item\":\"https:\/\/www.sib.it\/chi-siamo\/\"},{\"@type\":\"ListItem\",\"position\":3,\"name\":\"Associazioni\"}]}]}<\/script>\n<!-- \/ Yoast SEO plugin. -->","yoast_head_json":{"title":"[:it]Associazioni propriet\u00e0 intellettuale[:en] MEMBERSHIPS intellectual property organizations[:]","description":"[:it]SIB Societ\u00e0 Italiana brevetti appartienealle principali associazioni italiane e internazionali di esperti in propriet\u00e0 intellettuale.[:en]INTA AIPPI AIPLA MARQUES FICPI ECTA[:]","robots":{"index":"index","follow":"follow","max-snippet":"max-snippet:-1","max-image-preview":"max-image-preview:large","max-video-preview":"max-video-preview:-1"},"canonical":"https:\/\/www.sib.it\/chi-siamo\/associazioni\/","og_locale":"en_US","og_type":"article","og_title":"[:it]Associazioni propriet\u00e0 intellettuale[:en] MEMBERSHIPS intellectual property organizations[:]","og_description":"[:it]SIB Societ\u00e0 Italiana brevetti appartienealle principali associazioni italiane e internazionali di esperti in propriet\u00e0 intellettuale.[:en]INTA AIPPI AIPLA MARQUES FICPI ECTA[:]","og_url":"https:\/\/www.sib.it\/chi-siamo\/associazioni\/","article_modified_time":"2025-12-02T10:47:41+00:00","og_image":[{"url":"https:\/\/www.sib.it\/wp-content\/uploads\/2014\/10\/Associazioni-300x300.jpg"}],"twitter_card":"summary","twitter_misc":{"Est. reading time":"2 minutes"},"schema":{"@context":"https:\/\/schema.org","@graph":[{"@type":"WebSite","@id":"https:\/\/www.sib.it\/#website","url":"https:\/\/www.sib.it\/","name":"","description":"Intellectual Property since 1882","potentialAction":[{"@type":"SearchAction","target":{"@type":"EntryPoint","urlTemplate":"https:\/\/www.sib.it\/?s={search_term_string}"},"query-input":"required name=search_term_string"}],"inLanguage":"en-US"},{"@type":"ImageObject","@id":"https:\/\/www.sib.it\/chi-siamo\/associazioni\/#primaryimage","inLanguage":"en-US","url":"https:\/\/www.sib.it\/wp-content\/uploads\/2014\/10\/Associazioni.jpg","contentUrl":"https:\/\/www.sib.it\/wp-content\/uploads\/2014\/10\/Associazioni.jpg","width":500,"height":500},{"@type":"WebPage","@id":"https:\/\/www.sib.it\/chi-siamo\/associazioni\/#webpage","url":"https:\/\/www.sib.it\/chi-siamo\/associazioni\/","name":"[:it]Associazioni propriet\u00e0 intellettuale[:en] MEMBERSHIPS intellectual property organizations[:]","isPartOf":{"@id":"https:\/\/www.sib.it\/#website"},"primaryImageOfPage":{"@id":"https:\/\/www.sib.it\/chi-siamo\/associazioni\/#primaryimage"},"datePublished":"2014-10-07T13:45:47+00:00","dateModified":"2025-12-02T10:47:41+00:00","description":"[:it]SIB Societ\u00e0 Italiana brevetti appartienealle principali associazioni italiane e internazionali di esperti in propriet\u00e0 intellettuale.[:en]INTA AIPPI AIPLA MARQUES FICPI ECTA[:]","breadcrumb":{"@id":"https:\/\/www.sib.it\/chi-siamo\/associazioni\/#breadcrumb"},"inLanguage":"en-US","potentialAction":[{"@type":"ReadAction","target":["https:\/\/www.sib.it\/chi-siamo\/associazioni\/"]}]},{"@type":"BreadcrumbList","@id":"https:\/\/www.sib.it\/chi-siamo\/associazioni\/#breadcrumb","itemListElement":[{"@type":"ListItem","position":1,"name":"Home","item":"https:\/\/www.sib.it\/"},{"@type":"ListItem","position":2,"name":"Chi siamo","item":"https:\/\/www.sib.it\/chi-siamo\/"},{"@type":"ListItem","position":3,"name":"Associazioni"}]}]}},"_links":{"self":[{"href":"https:\/\/www.sib.it\/en\/wp-json\/wp\/v2\/pages\/600"}],"collection":[{"href":"https:\/\/www.sib.it\/en\/wp-json\/wp\/v2\/pages"}],"about":[{"href":"https:\/\/www.sib.it\/en\/wp-json\/wp\/v2\/types\/page"}],"author":[{"embeddable":true,"href":"https:\/\/www.sib.it\/en\/wp-json\/wp\/v2\/users\/2"}],"replies":[{"embeddable":true,"href":"https:\/\/www.sib.it\/en\/wp-json\/wp\/v2\/comments?post=600"}],"version-history":[{"count":8,"href":"https:\/\/www.sib.it\/en\/wp-json\/wp\/v2\/pages\/600\/revisions"}],"predecessor-version":[{"id":30089,"href":"https:\/\/www.sib.it\/en\/wp-json\/wp\/v2\/pages\/600\/revisions\/30089"}],"up":[{"embeddable":true,"href":"https:\/\/www.sib.it\/en\/wp-json\/wp\/v2\/pages\/501"}],"wp:attachment":[{"href":"https:\/\/www.sib.it\/en\/wp-json\/wp\/v2\/media?parent=600"}],"curies":[{"name":"wp","href":"https:\/\/api.w.org\/{rel}","templated":true}]}}